{"id":13556,"date":"2022-05-13T12:48:02","date_gmt":"2022-05-13T10:48:02","guid":{"rendered":"https:\/\/ligna-systems.com\/?page_id=13556"},"modified":"2025-03-20T10:24:15","modified_gmt":"2025-03-20T09:24:15","slug":"a-propos","status":"publish","type":"page","link":"https:\/\/ligna-aviation.com\/fr\/a-propos\/","title":{"rendered":"A propos"},"content":{"rendered":"\n\n\n\n\n\n<div class=\"cloth-spacer-xlarge\"><\/div>\n\n\n<div id=\"\" class=\"section section-row  margin-small\">\n\t<div class=\"wrapper-small\">\n\t\t<div class=\"grid-row spaced-xlarge default grid-align-top\">\n\t\t\n<div class=\"text-dark col-12\">\n\t\t    \n\n<h1 class=\"wp-block-heading\"><br \/><br \/><strong>Technologie innovante et construction durable en bois<\/strong><br \/><\/h1>\n\n\n\n\n<div class=\"cloth-spacer-medium\"><\/div>\n\n\n<p class=\"intro\"><strong>LIGNA Aviation<\/strong> est n\u00e9e de l\u2019esprit novateur de <strong>LIGNA systems<\/strong>, un <strong>leader dans la conception de structures en bois durables pour les secteurs industriel et logistique.<\/strong> Tandis que LIGNA systems \u00e9tablit de nouvelles r\u00e9f\u00e9rences avec ses structures en bois de pointe, nous avons adapt\u00e9 cette expertise au secteur de l\u2019aviation.<\/p>\n\n\n\n\n<div class=\"cloth-spacer-large\"><\/div>\n\n\n<p class=\"quote h4 colored\"><strong>Notre mission<\/strong>:<br \/><\/p>\n\n\n\n<p class=\"intro\">D\u00e9velopper des <strong>solutions de hangars modernes, efficaces et respectueuses des ressources<\/strong>, parfaitement adapt\u00e9es aux besoins des pilotes priv\u00e9s, des clubs a\u00e9ronautiques et des a\u00e9roports. Le r\u00e9sultat : <strong>des technologies novatrices qui r\u00e9volutionnent la conception des hangars et le stockage des avions<\/strong><strong>.<\/strong><\/p>\n\n\n\n\n<div class=\"cloth-spacer-medium\"><\/div>\n\t\t\n\t\n<\/div>\n\n\n\t\t<\/div>\n\t<\/div>\n\n\t\n\t\n\t<!--<div class=\"slanting-side slanting-del\"><\/div>-->\n<\/div>\n\n\n\n\n\n<div class=\"cloth-spacer-large\"><\/div>\n\n\n<div id=\"\" class=\"section section-row  margin-large\">\n\t<div class=\"wrapper-small\">\n\t\t<div class=\"grid-row spaced-medium default grid-align-top\">\n\t\t\n<div class=\"text-dark col-6\">\n\t\t    \n\n<div class=\"cloth-block-image cloth-anim\" data-parallax-speed=\"\">\n\n\n\n\t<div class=\"cloth-image-container cloth-anim-inner  media-ratio-1-1\" style=\"max-width:768px\">\n\t\t\n\t\t\n\t\t\t<span class=\"media\"><span class=\"media-item\">\t\t\t<img src=\"https:\/\/ligna-aviation.com\/wp-content\/uploads\/2024\/04\/LIGNA-systems-Flugzeughangar-mit-Hubtor-4-768x512.jpg\" srcset=\"https:\/\/ligna-aviation.com\/wp-content\/uploads\/2024\/04\/LIGNA-systems-Flugzeughangar-mit-Hubtor-4-768x512.jpg 1680w, https:\/\/ligna-aviation.com\/wp-content\/uploads\/2024\/04\/LIGNA-systems-Flugzeughangar-mit-Hubtor-4-512x341.jpg 512w\"  width=\"768\" height=\"512\" alt=\"Fotografien von Jens Distelberg\" decoding=\"async\" loading=\"lazy\"\/>\t\t\t\t\t\t<\/span><\/span>\n\t\t\n\t\t<div class=\"slanting-side slanting-del\"><\/div>\t\t\t\n\t<\/div>\n\n\t\n\n\t\t\t\n\t<\/div>\n\n\t\t\n\t\n<\/div>\n\n\n\n<div class=\"text-dark col-6\">\n\t\t    \n\n<h4 class=\"wp-block-heading colored\"><strong>Une alliance de force<\/strong><\/h4>\n\n\n\n<p><strong>LIGNA systems<\/strong> est reconnue pour ses <strong>structures en bois sur mesure<\/strong> avec des <strong>port\u00e9es libres allant jusqu\u2019\u00e0 70 m\u00e8tres<\/strong>, id\u00e9ales pour les halls industriels, les centres logistiques et les hangars a\u00e9ronautiques.<\/p>\n\n\n\n<p>Face \u00e0 une demande croissante de <strong>solutions sp\u00e9cifiques pour l\u2019aviation<\/strong>, LIGNA Aviation a \u00e9t\u00e9 fond\u00e9e en 2014.<\/p>\n\n\n\n<p>Depuis, nous avons d\u00e9velopp\u00e9 des <strong>syst\u00e8mes de hangars hautement fonctionnels, des solutions de man\u0153uvre intelligentes et des portes innovantes<\/strong>, alliant efficacit\u00e9, durabilit\u00e9 et design.<\/p>\n\n\t\t\n\t\n<\/div>\n\n\n\t\t<\/div>\n\t<\/div>\n\n\t\n\t\n\t<!--<div class=\"slanting-side slanting-del\"><\/div>-->\n<\/div>\n\n\n\n\n<div id=\"\" class=\"section section-row  margin-large\">\n\t<div class=\"wrapper-small\">\n\t\t<div class=\"grid-row spaced-medium default grid-align-top\">\n\t\t\n<div class=\"text-dark col-6\">\n\t\t    \n<span class=\"font-weight-600 h8 uppercase cloth-subtitle colored\">De l\u2019Id\u00e9e \u00e0 l\u2019Innovation \u2013 Les \u00c9tapes Cl\u00e9s<\/span>\n\n\n\n<div class=\"cloth-spacer-small\"><\/div>\n\n\n<h4 class=\"wp-block-heading colored\"><strong>2014 \u2013 La naissance du projet<\/strong><\/h4>\n\n\n\n<p>\u00c0 travers nos \u00e9changes avec les acteurs du secteur a\u00e9ronautique, il est apparu que <strong>les solutions traditionnelles de hangars \u00e9taient souvent inefficaces<\/strong>.<\/p>\n\n\n\n<p>Les principaux probl\u00e8mes rencontr\u00e9s \u00e9taient: <br \/>\u2022 <strong>Une perte d\u2019espace<\/strong> due \u00e0 une mauvaise conception des hangars<br \/>\u2022 <strong>Des man\u0153uvres longues et complexes<\/strong> pour d\u00e9placer les avions<br \/>\u2022 <strong>L\u2019absence de solutions de portes flexibles<\/strong> adapt\u00e9es aux grandes port\u00e9es<\/p>\n\n\n\n<p>Ces d\u00e9fis nous ont incit\u00e9s \u00e0 d\u00e9velopper des solutions enti\u00e8rement nouvelles.<\/p>\n\n\t\t\n\t\n<\/div>\n\n\n\n<div class=\"text-dark col-6\">\n\t\t    \n\n<div class=\"cloth-block-image cloth-anim\" data-parallax-speed=\"\">\n\n\n\n\t<div class=\"cloth-image-container cloth-anim-inner  media-ratio-1-1\" style=\"max-width:768px\">\n\t\t\n\t\t\n\t\t\t<span class=\"media\"><span class=\"media-item\">\t\t\t<img src=\"https:\/\/ligna-aviation.com\/wp-content\/uploads\/2022\/12\/Flugzeughangar-aus-Holz-ID-42362-768x512.jpg\" srcset=\"https:\/\/ligna-aviation.com\/wp-content\/uploads\/2022\/12\/Flugzeughangar-aus-Holz-ID-42362-768x512.jpg 1680w, https:\/\/ligna-aviation.com\/wp-content\/uploads\/2022\/12\/Flugzeughangar-aus-Holz-ID-42362-512x342.jpg 512w\"  width=\"768\" height=\"512\" alt=\"Flugzeughangar aus Holz \" decoding=\"async\" loading=\"lazy\"\/>\t\t\t\t\t\t<\/span><\/span>\n\t\t\n\t\t<div class=\"slanting-side slanting-del\"><\/div>\t\t\t\n\t<\/div>\n\n\t\n\n\t\t\t\n\t<\/div>\n\n\t\t\n\t\n<\/div>\n\n\n\t\t<\/div>\n\t<\/div>\n\n\t\n\t\n\t<!--<div class=\"slanting-side slanting-del\"><\/div>-->\n<\/div>\n\n\n\n\n<div id=\"\" class=\"section section-row  margin-large\">\n\t<div class=\"wrapper-small\">\n\t\t<div class=\"grid-row spaced-xlarge default grid-align-center inverse_smartphone\">\n\t\t\n<div class=\"text-dark col-6\">\n\t\t    \n\n<div class=\"cloth-block-image cloth-anim\" data-parallax-speed=\"\">\n\n\n\n\t<div class=\"cloth-image-container cloth-anim-inner  media-ratio-1-1\" style=\"max-width:768px\">\n\t\t\n\t\t\n\t\t\t<span class=\"media\"><span class=\"media-item\">\t\t\t<img src=\"https:\/\/ligna-aviation.com\/wp-content\/uploads\/2025\/03\/aerodisc_beispiel_flugplatzbonnhangelar-768x432.jpg\" srcset=\"https:\/\/ligna-aviation.com\/wp-content\/uploads\/2025\/03\/aerodisc_beispiel_flugplatzbonnhangelar-768x432.jpg 1680w, https:\/\/ligna-aviation.com\/wp-content\/uploads\/2025\/03\/aerodisc_beispiel_flugplatzbonnhangelar-512x288.jpg 512w\"  width=\"768\" height=\"432\" alt=\"aerodisc_beispiel_flugplatzbonnhangelar\" decoding=\"async\" loading=\"lazy\"\/>\t\t\t\t\t\t<\/span><\/span>\n\t\t\n\t\t<div class=\"slanting-side slanting-del\"><\/div>\t\t\t\n\t<\/div>\n\n\t\n\n\t\t\t\n\t<\/div>\n\n\t\t\n\t\n<\/div>\n\n\n\n<div class=\"text-dark col-6\">\n\t\t    \n\n<h4 class=\"wp-block-heading colored\"><strong>2015 \u2013 Lancement de l&rsquo;AERO<em>disc<\/em>: la plateau tournant<\/strong> <\/h4>\n\n\n\n<p>Un tournant d\u00e9cisif a \u00e9t\u00e9 l\u2019introduction d\u2019<strong>AERO<em>disc<\/em><\/strong>, un syst\u00e8me de stationnement rotatif brevet\u00e9, r\u00e9volutionnant la gestion des avions dans les hangars.<br \/><\/p>\n\n\n\n<p>Le premier <strong>syst\u00e8me <\/strong><strong>AERO<em>disc<\/em><\/strong>, d\u2019un <strong>diam\u00e8tre de 18 m\u00e8tres<\/strong>, a \u00e9t\u00e9 install\u00e9 \u00e0 <strong>l\u2019a\u00e9rodrome de Bonn\/Hangelar.<\/strong> Il a d\u00e9montr\u00e9 son efficacit\u00e9 en permettant <strong>un d\u00e9placement ind\u00e9pendant de chaque avion<\/strong>, r\u00e9duisant ainsi le risque de dommages et optimisant l\u2019espace.<\/p>\n\n\t\t\n\t\n<\/div>\n\n\n\t\t<\/div>\n\t<\/div>\n\n\t\n\t\n\t<!--<div class=\"slanting-side slanting-del\"><\/div>-->\n<\/div>\n\n\n\n\n<div id=\"\" class=\"section section-row  margin-large\">\n\t<div class=\"wrapper-small\">\n\t\t<div class=\"grid-row spaced-xlarge default grid-align-center inverse_smartphone\">\n\t\t\n<div class=\"text-dark col-6\">\n\t\t    \n\n<h4 class=\"wp-block-heading colored\"><strong>2018 \u2013 Expansion et internationalisation<\/strong><\/h4>\n\n\n\n<p>Apr\u00e8s les premiers projets r\u00e9ussis, LIGNA Aviation a poursuivi son expansion. La demande internationale pour nos solutions de hangars n\u2019a cess\u00e9 d\u2019augmenter, notamment dans les pays o\u00f9 l\u2019aviation priv\u00e9e est fortement d\u00e9velopp\u00e9e.<br \/><br \/>En parall\u00e8le, nous avons continu\u00e9 \u00e0 perfectionner <strong><\/strong><strong>AERO<em>disc<\/em><\/strong> afin de le rendre encore plus r\u00e9sistant et polyvalent. Une avanc\u00e9e majeure a \u00e9t\u00e9 l\u2019introduction de <strong>surfaces rev\u00eatues r\u00e9sistantes aux huiles et aux carburants<\/strong>, am\u00e9liorant encore la durabilit\u00e9 et la s\u00e9curit\u00e9 du syst\u00e8me.<\/p>\n\n\t\t\n\t\n<\/div>\n\n\n\n<div class=\"text-dark col-6\">\n\t\t    \n\n<div class=\"cloth-block-image cloth-anim\" data-parallax-speed=\"\">\n\n\n\n\t<div class=\"cloth-image-container cloth-anim-inner  media-ratio-1-1\" style=\"max-width:768px\">\n\t\t\n\t\t\n\t\t\t<span class=\"media\"><span class=\"media-item\">\t\t\t<img src=\"https:\/\/ligna-aviation.com\/wp-content\/uploads\/2023\/10\/AERO-DISC_Drehteller_Kamenz_Systeme-mit-Holzstruktur-3-768x576.jpg\" srcset=\"https:\/\/ligna-aviation.com\/wp-content\/uploads\/2023\/10\/AERO-DISC_Drehteller_Kamenz_Systeme-mit-Holzstruktur-3-768x576.jpg 1680w, https:\/\/ligna-aviation.com\/wp-content\/uploads\/2023\/10\/AERO-DISC_Drehteller_Kamenz_Systeme-mit-Holzstruktur-3-512x384.jpg 512w\"  width=\"768\" height=\"576\" alt=\"AERO-DISC_Drehteller_Kamenz_Systeme mit Holzstruktur (3)\" decoding=\"async\" loading=\"lazy\"\/>\t\t\t\t\t\t<\/span><\/span>\n\t\t\n\t\t<div class=\"slanting-side slanting-del\"><\/div>\t\t\t\n\t<\/div>\n\n\t\n\n\t\t\t\n\t<\/div>\n\n\t\t\n\t\n<\/div>\n\n\n\t\t<\/div>\n\t<\/div>\n\n\t\n\t\n\t<!--<div class=\"slanting-side slanting-del\"><\/div>-->\n<\/div>\n\n\n\n\n<div id=\"\" class=\"section section-row  margin-large\">\n\t<div class=\"wrapper-small\">\n\t\t<div class=\"grid-row spaced-xlarge default grid-align-center inverse_smartphone\">\n\t\t\n<div class=\"text-dark col-6\">\n\t\t    \n\n<div class=\"cloth-block-image cloth-anim\" data-parallax-speed=\"\">\n\n\n\n\t<div class=\"cloth-image-container cloth-anim-inner  media-ratio-1-1\" style=\"max-width:768px\">\n\t\t\n\t\t\n\t\t\t<span class=\"media\"><span class=\"media-item\">\t\t\t<img src=\"https:\/\/ligna-aviation.com\/wp-content\/uploads\/2024\/04\/LIGNA-systems-Flugzeughangar-mit-Hubtor-12-768x1152.jpg\" srcset=\"https:\/\/ligna-aviation.com\/wp-content\/uploads\/2024\/04\/LIGNA-systems-Flugzeughangar-mit-Hubtor-12-768x1152.jpg 1680w, https:\/\/ligna-aviation.com\/wp-content\/uploads\/2024\/04\/LIGNA-systems-Flugzeughangar-mit-Hubtor-12-512x768.jpg 512w\"  width=\"768\" height=\"1152\" alt=\"Fotografien von Jens Distelberg\" decoding=\"async\" loading=\"lazy\"\/>\t\t\t\t\t\t<\/span><\/span>\n\t\t\n\t\t<div class=\"slanting-side slanting-del\"><\/div>\t\t\t\n\t<\/div>\n\n\t\n\n\t\t\t\n\t<\/div>\n\n\t\t\n\t\n<\/div>\n\n\n\n<div class=\"text-dark col-6\">\n\t\t    \n\n<h4 class=\"wp-block-heading colored\"><strong>2022 \u2013 D\u00e9veloppement de la porte relevable AERO<em>gate<\/em><\/strong><\/h4>\n\n\n\n<p>Lors de l\u2019optimisation des op\u00e9rations des hangars, un autre d\u00e9fi est apparu : les portes de hangar disponibles sur le march\u00e9 \u00e9taient soit extr\u00eamement co\u00fbteuses, soit techniquement insuffisantes.<br \/><br \/>Face aux limites des portes de hangars traditionnelles, nous avons con\u00e7u <strong>AERO<em>gate<\/em> \u2013 une porte en bois \u00e0 lev\u00e9e verticale<\/strong>, alliant :<br \/>\u2714 Une <strong>port\u00e9e de 30 m\u00e8tres<\/strong> pour une ouverture maximale<br \/>\u2714 Une <strong>installation facile<\/strong> dans les hangars existants<br \/>\u2714 Un <strong>design esth\u00e9tique<\/strong> et durable<br \/>\u2714 Un <strong>syst\u00e8me robuste<\/strong> et n\u00e9cessitant peu d\u2019entretien<\/p>\n\n\n\n<p>La premi\u00e8re porte AERO<em>gate<\/em> a \u00e9t\u00e9 install\u00e9e en 2023, offrant une alternative performante et abordable.<\/p>\n\n\t\t\n\t\n<\/div>\n\n\n\t\t<\/div>\n\t<\/div>\n\n\t\n\t\n\t<!--<div class=\"slanting-side slanting-del\"><\/div>-->\n<\/div>\n\n\n\n\n<div id=\"\" class=\"section section-row  margin-medium\">\n\t<div class=\"wrapper-small\">\n\t\t<div class=\"grid-row spaced-medium default grid-align-top\">\n\t\t\n<div class=\"text-dark col-12\">\n\t\t    \n\n<h4 class=\"wp-block-heading\"><strong>LIGNA Aviation \u2013 Construire l\u2019avenir, innover sans cesse.<\/strong><\/h4>\n\n\n\n<p>Gr\u00e2ce \u00e0 son expertise, LIGNA Aviation s\u2019est impos\u00e9e comme <strong>un acteur majeur des solutions de hangars innovantes<\/strong>. Notre combinaison d\u2019innovation technique, de mat\u00e9riaux durables et de solutions pratiques fait de nous le partenaire privil\u00e9gi\u00e9 des exploitants d\u2019a\u00e9rodromes, des clubs a\u00e9ronautiques et des pilotes priv\u00e9s.<br \/><\/p>\n\n\n\n<p>Notre offre actuelle comprend:<br \/>\u2714 <strong>AERO<em>disc<\/em><\/strong>, plateau tournant optimisant le stationnement des avions.<br \/>\u2714 <strong>AERO<em>gate<\/em><\/strong>, porte relevable offrant flexibilit\u00e9 et performance.<\/p>\n\n\n\n\n<div class=\"cloth-spacer-medium\"><\/div>\n\n\n<p>et \u2714 <strong>Hangars modulaires en bois<\/strong> avec des port\u00e9es allant jusqu&rsquo;\u00e0 70 m\u00e8tres, disponibles aupr\u00e8s de notre soci\u00e9t\u00e9 m\u00e8re <strong><a href=\"http:\/\/ligna-systems.com\" data-type=\"link\" data-id=\"ligna-systems.com\">LIGNA systems<\/a><\/strong>.<br \/><\/p>\n\n\t\t\n\t\n<\/div>\n\n\n\t\t<\/div>\n\t<\/div>\n\n\t\n\t\n\t<!--<div class=\"slanting-side slanting-del\"><\/div>-->\n<\/div>\n\n\n\n\n\n\t<div class=\"cloth-block-image cloth-anim\" data-parallax-speed=\"0.07\">\n\t\t<div class=\"cloth-image-container cloth-anim-inner  media-ratio-16-9\" style=\"max-width:1024px\">\n\t\t\t\n\t\t\t\t\t\t\t<span class=\"media 16-9\"><span class=\"media-item\">\t\t\t\t\t\t\t\t\t<video style=\"\" class=\"video-background \" preload=\"auto\" playsinline=\"playsinline\" autoplay=\"autoplay\" loop=\"true\" muted=\"muted\">\n\t\t\t\t\t\t<source src=\"https:\/\/ligna-aviation.com\/wp-content\/uploads\/2025\/03\/Hero_Aviation_Neu2025.mp4\" data-src=\"\" type=\"video\/mp4\"\/><\/video>\n\t\t\t\t\t\t\t\t<\/span><\/span>\t\t\t\n\t\t\t<div class=\"slanting-side slanting-del\"><\/div>\t\t\t\t\n\t\t<\/div>\n\t<\/div>\n\n\n\n\n<div id=\"\" class=\"section section-row  margin-medium\">\n\t<div class=\"wrapper-small\">\n\t\t<div class=\"grid-row spaced-medium default grid-align-top\">\n\t\t\n<div class=\"text-dark col-12\">\n\t\t    \n\n<p class=\"intro\">Notre orientation internationale nous permet de proposer des solutions de hangars sur mesure \u00e0 travers le monde. L\u2019\u00e9volution de nos syst\u00e8mes est loin d\u2019\u00eatre achev\u00e9e.<\/p>\n\n\n\n\n<div class=\"cloth-spacer-medium\"><\/div>\n\n\n<p class=\"quote h4 colored\">\u00ab\u00a0Nous continuerons \u00e0 miser sur l\u2019innovation, la qualit\u00e9 et des solutions durables pour l\u2019avenir de l\u2019aviation\u00a0\u00bb.<\/p>\n\n\t\t\n\t\n<\/div>\n\n\n\t\t<\/div>\n\t<\/div>\n\n\t\n\t\n\t<!--<div class=\"slanting-side slanting-del\"><\/div>-->\n<\/div>\n\n\n\n\n\n<section  class=\"section section-in-section \">\n    <div class=\"wrapper\">\n\t\t\n        <div class=\"section section-background text-light margin-none section-background-image\">\n            <div class=\"section-inner\">\n                \n\n<div id=\"\" class=\"section section-row  margin-large\">\n\t<div class=\"wrapper-small\">\n\t\t<div class=\"grid-row spaced-medium default grid-align-top\">\n\t\t\n<div class=\"text-dark col-12\">\n\t\t    \n<span class=\"font-weight-600 h8 uppercase cloth-subtitle colored\">Nous sommes \u00e0 votre disposition<\/span>\n\n\n<h3 class=\"wp-block-heading\"><strong>Des questions ? Nous sommes \u00e0 votre \u00e9coute!<\/strong><\/h3>\n\n\n\n<p class=\"intro\">Vous avez des plans, des id\u00e9es, des concepts concrets ou encore des questions pour votre projet ?<br \/>Ensemble, transformons vos visions en r\u00e9alit\u00e9 et planifions les prochaines \u00e9tapes. Notre \u00e9quipe se r\u00e9jouit de faire votre connaissance !<\/p>\n\n\n\n<p class=\"intro\"><\/p>\n\n\n\n\n<div class=\"cloth-spacer-large\"><\/div>\n\n\n\n\n<span class=\"cloth-button\">\n\n\n<a class=\"btn btn-default btn-colored \" href=\"https:\/\/ligna-aviation.com\/fr\/contact\/\" target=\"_blank\">\n                <span class=\"text\">\n                    <span>Contactez-nous<\/span>\n                    <span>Contactez-nous<\/span>\n                <\/span>\n                <span class=\"btn-icon\"><svg class=\"arrow\" version=\"1.1\" fill=\"currentColor\" xmlns=\"http:\/\/www.w3.org\/2000\/svg\" xmlns:xlink=\"http:\/\/www.w3.org\/1999\/xlink\" x=\"0px\" y=\"0px\"\n\t viewBox=\"0 0 24 24\" style=\"enable-background:new 0 0 24 24;\" xml:space=\"preserve\">\n<path d=\"M0.5,13.4h18.4L11,21.2l2,2L23.1,13c0.3-0.3,0.4-0.6,0.4-1c0-0.4-0.1-0.7-0.4-1L13,0.8l-2,2l7.8,7.8H0.5\"><\/path>\n<\/svg>\n<\/span>\n                <span class=\"slanting-side slanting-add\"><\/span>\n            <\/a>\n<\/span>\n\n\n\t\t\n\t\n<\/div>\n\n\n\t\t<\/div>\n\t<\/div>\n\n\t\n\t\n\t<!--<div class=\"slanting-side slanting-del\"><\/div>-->\n<\/div>\n\n\n\n            <\/div>\n\t\t\t\n\t\t\t\n\t\n    <div class=\"section-bg\">\n\t\t<div class=\"section-bg-el imagebg-section\" style=\"background:url(https:\/\/ligna-aviation.com\/wp-content\/uploads\/2022\/10\/li-bg_neu.jpg) center center;background-size:cover;\" data-parallax-speed=\"-0.07\"><\/div>\n\t\t\n\t\t\n\t<\/div>\n    \n            <div class=\"slanting-side slanting-del\"><\/div>\n            <div class=\"slanting-side slanting-del slanting-top\"><\/div>\n        <\/div>\n\t\t\n\t\t    <\/div>\n<\/section>\n\n\n\n\n\n\n\n\n<div class=\"cloth-spacer-small\"><\/div>","protected":false},"excerpt":{"rendered":"","protected":false},"author":2,"featured_media":0,"parent":0,"menu_order":0,"comment_status":"closed","ping_status":"closed","template":"","meta":{"_acf_changed":false,"footnotes":""},"class_list":["post-13556","page","type-page","status-publish","hentry"],"acf":[],"_links":{"self":[{"href":"https:\/\/ligna-aviation.com\/fr\/wp-json\/wp\/v2\/pages\/13556","targetHints":{"allow":["GET"]}}],"collection":[{"href":"https:\/\/ligna-aviation.com\/fr\/wp-json\/wp\/v2\/pages"}],"about":[{"href":"https:\/\/ligna-aviation.com\/fr\/wp-json\/wp\/v2\/types\/page"}],"author":[{"embeddable":true,"href":"https:\/\/ligna-aviation.com\/fr\/wp-json\/wp\/v2\/users\/2"}],"replies":[{"embeddable":true,"href":"https:\/\/ligna-aviation.com\/fr\/wp-json\/wp\/v2\/comments?post=13556"}],"version-history":[{"count":61,"href":"https:\/\/ligna-aviation.com\/fr\/wp-json\/wp\/v2\/pages\/13556\/revisions"}],"predecessor-version":[{"id":34119,"href":"https:\/\/ligna-aviation.com\/fr\/wp-json\/wp\/v2\/pages\/13556\/revisions\/34119"}],"wp:attachment":[{"href":"https:\/\/ligna-aviation.com\/fr\/wp-json\/wp\/v2\/media?parent=13556"}],"curies":[{"name":"wp","href":"https:\/\/api.w.org\/{rel}","templated":true}]}}