{"id":24569,"date":"2024-09-16T10:05:56","date_gmt":"2024-09-16T08:05:56","guid":{"rendered":"https:\/\/ligna.cloth.be\/?page_id=24569"},"modified":"2025-03-20T10:36:08","modified_gmt":"2025-03-20T09:36:08","slug":"portes-relevables","status":"publish","type":"page","link":"https:\/\/ligna-aviation.com\/fr\/portes-relevables\/","title":{"rendered":"AEROgate Portes relevables"},"content":{"rendered":"\n<div id=\"\" class=\"section section-row  margin-large\">\n\t<div class=\"wrapper-mini\">\n\t\t<div class=\"grid-row spaced-xlarge default grid-align-top\">\n\t\t\n<div class=\"text-dark col-12\">\n\t\t    \n\n<div class=\"cloth-block-image cloth-anim\" data-parallax-speed=\"\">\n\n\n\n\t<div class=\"cloth-image-container cloth-anim-inner  extend-140 media-ratio-auto\" style=\"max-width:150px\">\n\t\t\n\t\t\n\t\t\t<span class=\"media\"><span class=\"media-item\">\t\t\t<img src=\"https:\/\/ligna-aviation.com\/wp-content\/uploads\/2025\/03\/aerogate_logo.png\" srcset=\"https:\/\/ligna-aviation.com\/wp-content\/uploads\/2025\/03\/aerogate_logo.png 1680w\"  width=\"300\" height=\"59\" alt=\"aerogate_logo\" decoding=\"async\" loading=\"lazy\"\/>\t\t\t\t\t\t<\/span><\/span>\n\t\t\n\t\t\t\t\t\n\t<\/div>\n\n\t\n\n\t\t\t\n\t<\/div>\n\n\n\n\n<div class=\"cloth-spacer-medium\"><\/div>\n\n\n<p class=\"h4 colored\"><strong>Plus d\u2019Espace, Moins de Contraintes<\/strong><br \/><\/p>\n\n\n\n<p class=\"intro\">Optimisez chaque m\u00e8tre de votre hangar : les <strong>portes \u00e9l\u00e9vatrices AERO<em>gate<\/em><\/strong> de LIGNA systems offrent une ouverture <strong>allant jusqu\u2019\u00e0 30 m\u00e8tres<\/strong> et se replient discr\u00e8tement sous le plafond. Gr\u00e2ce \u00e0 un entra\u00eenement hydraulique, une m\u00e9canique robuste et une conception n\u00e9cessitant peu d\u2019entretien, votre hangar reste flexible et s\u00e9curis\u00e9\u2014sans rails au sol ni modifications complexes. Id\u00e9al pour les constructions neuves et les r\u00e9novations.<\/p>\n\n\t\t\n\t\n<\/div>\n\n\n\t\t<\/div>\n\t<\/div>\n\n\t\n\t\n\t<!--<div class=\"slanting-side slanting-del\"><\/div>-->\n<\/div>\n\n\n\n\n<div id=\"\" class=\"section section-row  margin-large\">\n\t<div class=\"wrapper-small\">\n\t\t<div class=\"grid-row spaced-xlarge default grid-align-top\">\n\t\t\n<div class=\"text-dark col-6\">\n\t\t    \n<span class=\"font-weight-600 h8 uppercase cloth-subtitle colored\">Utilisation Maximale de l\u2019Espace<\/span>\n\n\n<p>Nos <strong>portes relevables AERO<em>gate<\/em><\/strong> vous garantissent une flexibilit\u00e9 maximale sans compromis. Elles permettent une utilisation optimale de la largeur du hangar, jusqu\u2019\u00e0 30 m\u00e8tres, et atteignent jusqu\u2019\u00e0 9 m\u00e8tres de hauteur.<\/p>\n\n\n\n<p>Le vantail est fix\u00e9 de chaque c\u00f4t\u00e9 \u00e0 des bras pivotants robustes en acier, et s\u2019ouvre en pivotant autour d\u2019un axe d\u00e9cal\u00e9 vers l\u2019int\u00e9rieur. Ce m\u00e9canisme fait monter le vantail \u00e0 90 degr\u00e9s vers le plafond. Une fois ouvert, le vantail reste \u00e0 un tiers dans le hangar et se projette aux deux tiers \u00e0 l\u2019ext\u00e9rieur, formant un auvent. La porte est actionn\u00e9e par des v\u00e9rins hydrauliques.<\/p>\n\n\t\t\n\t\n<\/div>\n\n\n\n<div class=\"text-dark col-6\">\n\t\t    \n\n<div class=\"cloth-block-image cloth-anim\" data-parallax-speed=\"\">\n\n\n\n\t<div class=\"cloth-image-container cloth-anim-inner  media-ratio-1-1\" style=\"max-width:512px\">\n\t\t\n\t\t\n\t\t\t<span class=\"media\"><span class=\"media-item\">\t\t\t<img src=\"https:\/\/ligna-aviation.com\/wp-content\/uploads\/2024\/04\/LIGNA-systems-Flugzeughangar-mit-Hubtor-11-512x768.jpg\" srcset=\"https:\/\/ligna-aviation.com\/wp-content\/uploads\/2024\/04\/LIGNA-systems-Flugzeughangar-mit-Hubtor-11-512x768.jpg 1680w\"  width=\"512\" height=\"768\" alt=\"Fotografien von Jens Distelberg\" decoding=\"async\" loading=\"lazy\"\/>\t\t\t\t\t\t<\/span><\/span>\n\t\t\n\t\t<div class=\"slanting-side slanting-del\"><\/div>\t\t\t\n\t<\/div>\n\n\t\n\n\t\t\t\n\t<\/div>\n\n\t\t\n\t\n<\/div>\n\n\n\t\t<\/div>\n\t<\/div>\n\n\t\n\t\n\t<!--<div class=\"slanting-side slanting-del\"><\/div>-->\n<\/div>\n\n\n\n\n<div id=\"\" class=\"section section-row  margin-large\">\n\t<div class=\"wrapper-small\">\n\t\t<div class=\"grid-row spaced-xlarge default grid-align-top inverse_smartphone\">\n\t\t\n<div class=\"text-dark col-6\">\n\t\t    \n\n<div class=\"cloth-block-image cloth-anim\" data-parallax-speed=\"\">\n\n\n\n\t<div class=\"cloth-image-container cloth-anim-inner  media-ratio-5-8\" style=\"max-width:512px\">\n\t\t\n\t\t\n\t\t\t<span class=\"media\"><span class=\"media-item\">\t\t\t<img src=\"https:\/\/ligna-aviation.com\/wp-content\/uploads\/2024\/04\/LIGNA-systems-Flugzeughangar-mit-Hubtor-9-1024x1536.jpg\" srcset=\"https:\/\/ligna-aviation.com\/wp-content\/uploads\/2024\/04\/LIGNA-systems-Flugzeughangar-mit-Hubtor-9-1024x1536.jpg 1680w, https:\/\/ligna-aviation.com\/wp-content\/uploads\/2024\/04\/LIGNA-systems-Flugzeughangar-mit-Hubtor-9-512x768.jpg 512w\"  width=\"1024\" height=\"1536\" alt=\"Fotografien von Jens Distelberg\" decoding=\"async\" loading=\"lazy\"\/>\t\t\t\t\t\t<\/span><\/span>\n\t\t\n\t\t<div class=\"slanting-side slanting-del\"><\/div>\t\t\t\n\t<\/div>\n\n\t\n\n\t\t\t\n\t<\/div>\n\n\t\t\n\t\n<\/div>\n\n\n\n<div class=\"text-dark col-6\">\n\t\t    \n<span class=\"font-weight-600 h8 uppercase cloth-subtitle colored\">Construction Robuste &#038; Faible Entretien<\/span>\n\n\n<p>La construction est d\u00e9pourvue de roulettes et de charni\u00e8res, garantissant une robustesse \u00e9lev\u00e9e, une s\u00e9curit\u00e9 maximale et un entretien minimal. L\u2019ext\u00e9rieur du vantail est compos\u00e9 de panneaux sandwich ou de plaques en polycarbonate translucide, selon les besoins.<\/p>\n\n\n\n<p>Un atout majeur de notre syst\u00e8me de portes relevables est la possibilit\u00e9 de l\u2019int\u00e9grer facilement dans un hangar existant, car la structure de la porte est ind\u00e9pendante de celle du b\u00e2timent. Cela permet d\u2019\u00e9viter des adaptations structurelles co\u00fbteuses.<\/p>\n\n\n\n<h6 class=\"wp-block-heading\"><strong>Eigenschaften<\/strong><\/h6>\n\n\n\n<ul class=\"wp-block-list\">\n<li>Largeur jusqu\u2019\u00e0 30 m\u00e8tres<\/li>\n\n\n\n<li>Hauteur jusqu\u2019\u00e0 9 m\u00e8tres&nbsp;<\/li>\n\n\n\n<li>Entra\u00eenement hydraulique&nbsp;<\/li>\n\n\n\n<li>M\u00e9canique simple&nbsp;<\/li>\n\n\n\n<li>Entretien r\u00e9duit&nbsp;<\/li>\n\n\n\n<li>Sans rails au sol<\/li>\n\n\n\n<li>Ind\u00e9pendant de la structure de toit&nbsp;<\/li>\n\n\n\n<li>Faible encombrement lat\u00e9ral&nbsp;<\/li>\n<\/ul>\n\n\t\t\n\t\n<\/div>\n\n\n\t\t<\/div>\n\t<\/div>\n\n\t\n\t\n\t<!--<div class=\"slanting-side slanting-del\"><\/div>-->\n<\/div>\n\n\n\n\n<div id=\"\" class=\"section section-row  margin-large\">\n\t<div class=\"wrapper-small\">\n\t\t<div class=\"grid-row spaced-xlarge default grid-align-top\">\n\t\t\n<div class=\"text-dark col-12\">\n\t\t    \n\n\n\t<div class=\"cloth-block-image cloth-anim\" data-parallax-speed=\"0.07\">\n\t\t<div class=\"cloth-image-container cloth-anim-inner  media-ratio-16-9\" style=\"max-width:1024px\">\n\t\t\t\n\t\t\t\t\t\t\t<span class=\"media 16-9\"><span class=\"media-item\">\t\t\t\t\t\t\t\t\t<video style=\"\" class=\"video-background \" preload=\"auto\" playsinline=\"playsinline\" autoplay=\"autoplay\" loop=\"true\" muted=\"muted\">\n\t\t\t\t\t\t<source src=\"https:\/\/ligna-aviation.com\/wp-content\/uploads\/2023\/09\/LIGNA-systems-Hangarhubtor.mp4\" data-src=\"\" type=\"video\/mp4\"\/><\/video>\n\t\t\t\t\t\t\t\t<\/span><\/span>\t\t\t\n\t\t\t<div class=\"slanting-side slanting-del\"><\/div>\t\t\t\t\n\t\t<\/div>\n\t<\/div>\n\n\n\t\t\n\t\n<\/div>\n\n\n\t\t<\/div>\n\t<\/div>\n\n\t\n\t\n\t<!--<div class=\"slanting-side slanting-del\"><\/div>-->\n<\/div>\n\n\n\n\n<div id=\"\" class=\"section section-row  margin-medium\">\n\t<div class=\"wrapper\">\n\t\t<div class=\"grid-row spaced-medium default grid-align-bottom\">\n\t\t\n<div class=\"text-dark col-6\">\n\t\t    \n<span class=\"font-weight-600 h8 uppercase cloth-subtitle colored\">R\u00c9F\u00c9RENCES<\/span>\n\n\n<h3 class=\"wp-block-heading\"><strong><\/strong><strong>D\u00e9couvrez quelques-uns de nos projets.<\/strong><\/h3>\n\n\t\t\n\t\n<\/div>\n\n\n\n<div class=\"text-dark col-6 hide-for-smartphone\">\n\t\t    \n\n\n\n\t\t\n\t\n<\/div>\n\n\n\t\t<\/div>\n\t<\/div>\n\n\t\n\t\n\t<!--<div class=\"slanting-side slanting-del\"><\/div>-->\n<\/div>\n\n\n\n\n    <div class=\"section section-projects margin-none\">\n        <div class=\"wrapper\">\n\t\t\t\n\t\t\t\n    \n          <div class=\"flickity-carousel product-carousel hide-arrows extended grid-row spaced-small\">\n\n                  <div class=\"flickity-item col-6\">\n            <div class=\"item-inner\">\n              \n\t<div class=\"project-item project-loop-item item-33164\">\n\t\t<a href=\"https:\/\/ligna-aviation.com\/fr\/references\/hubtor\/h20-avignon\/\" class=\"column-link\"><\/a>\n\t\t<div class=\"item-media media media-ratio-8-5\">\n\t\t\t<span class=\"media-item\"><img decoding=\"async\" src=\"https:\/\/ligna-aviation.com\/wp-content\/uploads\/2025\/02\/SARL-H20-Avignon-16-512x683.jpg\" class=\"attachment-thumb_small size-thumb_small wp-post-image\" alt=\"\" srcset=\"https:\/\/ligna-aviation.com\/wp-content\/uploads\/2025\/02\/SARL-H20-Avignon-16-512x683.jpg 512w, https:\/\/ligna-aviation.com\/wp-content\/uploads\/2025\/02\/SARL-H20-Avignon-16-225x300.jpg 225w, https:\/\/ligna-aviation.com\/wp-content\/uploads\/2025\/02\/SARL-H20-Avignon-16-768x1024.jpg 768w, https:\/\/ligna-aviation.com\/wp-content\/uploads\/2025\/02\/SARL-H20-Avignon-16-1152x1536.jpg 1152w, https:\/\/ligna-aviation.com\/wp-content\/uploads\/2025\/02\/SARL-H20-Avignon-16-1536x2048.jpg 1536w, https:\/\/ligna-aviation.com\/wp-content\/uploads\/2025\/02\/SARL-H20-Avignon-16-scaled.jpg 1920w, https:\/\/ligna-aviation.com\/wp-content\/uploads\/2025\/02\/SARL-H20-Avignon-16-1024x1365.jpg 1024w, https:\/\/ligna-aviation.com\/wp-content\/uploads\/2025\/02\/SARL-H20-Avignon-16-352x469.jpg 352w, https:\/\/ligna-aviation.com\/wp-content\/uploads\/2025\/02\/SARL-H20-Avignon-16-600x800.jpg 600w, https:\/\/ligna-aviation.com\/wp-content\/uploads\/2025\/02\/SARL-H20-Avignon-16-800x1067.jpg 800w\" sizes=\"(max-width: 512px) 100vw, 512px\" \/><\/span>\n\t\t\t<div class=\"slanting-side slanting-del\"><\/div>\n\t\t\t\t\t<\/div>\n\t\t<div class=\"content\">\n\t\t\t<h3 class=\"h5\">H20 Avignon<\/h3>\n            \t\t<\/div>\n\t\t<div class=\"cloth-spacer-small\"><\/div>\n\t<\/div>\n\n            <\/div>\n          <\/div>\n                  <div class=\"flickity-item col-6\">\n            <div class=\"item-inner\">\n              \n\t<div class=\"project-item project-loop-item item-15960\">\n\t\t<a href=\"https:\/\/ligna-aviation.com\/fr\/references\/hubtor\/aviation-business\/\" class=\"column-link\"><\/a>\n\t\t<div class=\"item-media media media-ratio-8-5\">\n\t\t\t<span class=\"media-item\"><img decoding=\"async\" src=\"https:\/\/ligna-aviation.com\/wp-content\/uploads\/2024\/04\/LIGNA-systems-Flugzeughangar-mit-Hubtor-1-512x341.jpg\" class=\"attachment-thumb_small size-thumb_small wp-post-image\" alt=\"\" srcset=\"https:\/\/ligna-aviation.com\/wp-content\/uploads\/2024\/04\/LIGNA-systems-Flugzeughangar-mit-Hubtor-1-512x341.jpg 512w, https:\/\/ligna-aviation.com\/wp-content\/uploads\/2024\/04\/LIGNA-systems-Flugzeughangar-mit-Hubtor-1-300x200.jpg 300w, https:\/\/ligna-aviation.com\/wp-content\/uploads\/2024\/04\/LIGNA-systems-Flugzeughangar-mit-Hubtor-1-768x512.jpg 768w, https:\/\/ligna-aviation.com\/wp-content\/uploads\/2024\/04\/LIGNA-systems-Flugzeughangar-mit-Hubtor-1-1024x683.jpg 1024w, https:\/\/ligna-aviation.com\/wp-content\/uploads\/2024\/04\/LIGNA-systems-Flugzeughangar-mit-Hubtor-1-1536x1024.jpg 1536w, https:\/\/ligna-aviation.com\/wp-content\/uploads\/2024\/04\/LIGNA-systems-Flugzeughangar-mit-Hubtor-1-352x235.jpg 352w, https:\/\/ligna-aviation.com\/wp-content\/uploads\/2024\/04\/LIGNA-systems-Flugzeughangar-mit-Hubtor-1-600x400.jpg 600w, https:\/\/ligna-aviation.com\/wp-content\/uploads\/2024\/04\/LIGNA-systems-Flugzeughangar-mit-Hubtor-1-800x533.jpg 800w, https:\/\/ligna-aviation.com\/wp-content\/uploads\/2024\/04\/LIGNA-systems-Flugzeughangar-mit-Hubtor-1.jpg 1920w\" sizes=\"(max-width: 512px) 100vw, 512px\" \/><\/span>\n\t\t\t<div class=\"slanting-side slanting-del\"><\/div>\n\t\t\t\t\t<\/div>\n\t\t<div class=\"content\">\n\t\t\t<h3 class=\"h5\">Aviation Business<\/h3>\n            \t\t<\/div>\n\t\t<div class=\"cloth-spacer-small\"><\/div>\n\t<\/div>\n\n            <\/div>\n          <\/div>\n        \n      <\/div>\n    \n  \n        <\/div>\n    <\/div>\n\n\n\n\n\n\n<div class=\"cloth-spacer-xlarge\"><\/div>\n\n\n<div id=\"\" class=\"section section-row  margin-large\">\n\t<div class=\"wrapper-small\">\n\t\t<div class=\"grid-row spaced-xlarge default grid-align-center inverse_smartphone\">\n\t\t\n<div class=\"text-dark col-6\">\n\t\t    \n\n<div class=\"cloth-block-image cloth-anim\" data-parallax-speed=\"\">\n\n\n\t\t<a class=\"media-hover\" href=\"https:\/\/ligna-aviation.com\/kontakt\/\" target=\"'_self\">\n\t\t\n\t<div class=\"cloth-image-container cloth-anim-inner  media-ratio-1-1\" style=\"max-width:1024px\">\n\t\t\n\t\t\n\t\t\t<span class=\"media\"><span class=\"media-item\">\t\t\t<img src=\"https:\/\/ligna-aviation.com\/wp-content\/uploads\/2024\/09\/Kontakt_LIGNA-1024x731.png\" srcset=\"https:\/\/ligna-aviation.com\/wp-content\/uploads\/2024\/09\/Kontakt_LIGNA-1024x731.png 1680w, https:\/\/ligna-aviation.com\/wp-content\/uploads\/2024\/09\/Kontakt_LIGNA-512x366.png 512w\"  width=\"1024\" height=\"731\" alt=\"Kontakt_LIGNA\" decoding=\"async\" loading=\"lazy\"\/>\t\t\t\t\t\t<\/span><\/span>\n\t\t\n\t\t<div class=\"slanting-side slanting-del\"><\/div>\t\t\t\n\t<\/div>\n\n\t\n\n\t\t\t\n\t\t\t<\/a>\n\t\t<\/div>\n\n\t\t\n\t\n<\/div>\n\n\n\n<div class=\"text-dark col-6\">\n\t\t    \n<span class=\"font-weight-600 h8 uppercase cloth-subtitle colored\">Des questions ? Nous sommes l\u00e0 pour vous !<\/span>\n\n\n<h4 class=\"wp-block-heading\"><strong><\/strong><strong>Votre ligne directe avec nous !<\/strong><\/h4>\n\n\n\n<p>Que ce soit par e-mail, t\u00e9l\u00e9phone ou formulaire de contact, r\u00e9alisons ensemble vos visions et planifions les prochaines \u00e9tapes. Notre \u00e9quipe a h\u00e2te de faire votre connaissance !<\/p>\n\n\n\n\n<div class=\"cloth-spacer-large\"><\/div>\n\n\n\n\n<span class=\"cloth-button\">\n\n\n<a class=\"btn btn-default btn-colored \" href=\"https:\/\/ligna-aviation.com\/fr\/contact\/\" target=\"_self\">\n                <span class=\"text\">\n                    <span>Contactez-nous<\/span>\n                    <span>Contactez-nous<\/span>\n                <\/span>\n                <span class=\"btn-icon\"><svg class=\"arrow\" version=\"1.1\" fill=\"currentColor\" xmlns=\"http:\/\/www.w3.org\/2000\/svg\" xmlns:xlink=\"http:\/\/www.w3.org\/1999\/xlink\" x=\"0px\" y=\"0px\"\n\t viewBox=\"0 0 24 24\" style=\"enable-background:new 0 0 24 24;\" xml:space=\"preserve\">\n<path d=\"M0.5,13.4h18.4L11,21.2l2,2L23.1,13c0.3-0.3,0.4-0.6,0.4-1c0-0.4-0.1-0.7-0.4-1L13,0.8l-2,2l7.8,7.8H0.5\"><\/path>\n<\/svg>\n<\/span>\n                <span class=\"slanting-side slanting-add\"><\/span>\n            <\/a>\n<\/span>\n\n\n\t\t\n\t\n<\/div>\n\n\n\t\t<\/div>\n\t<\/div>\n\n\t\n\t\n\t<!--<div class=\"slanting-side slanting-del\"><\/div>-->\n<\/div>\n\n","protected":false},"excerpt":{"rendered":"","protected":false},"author":15,"featured_media":0,"parent":0,"menu_order":2,"comment_status":"closed","ping_status":"closed","template":"","meta":{"_acf_changed":false,"footnotes":""},"class_list":["post-24569","page","type-page","status-publish","hentry"],"acf":[],"_links":{"self":[{"href":"https:\/\/ligna-aviation.com\/fr\/wp-json\/wp\/v2\/pages\/24569","targetHints":{"allow":["GET"]}}],"collection":[{"href":"https:\/\/ligna-aviation.com\/fr\/wp-json\/wp\/v2\/pages"}],"about":[{"href":"https:\/\/ligna-aviation.com\/fr\/wp-json\/wp\/v2\/types\/page"}],"author":[{"embeddable":true,"href":"https:\/\/ligna-aviation.com\/fr\/wp-json\/wp\/v2\/users\/15"}],"replies":[{"embeddable":true,"href":"https:\/\/ligna-aviation.com\/fr\/wp-json\/wp\/v2\/comments?post=24569"}],"version-history":[{"count":20,"href":"https:\/\/ligna-aviation.com\/fr\/wp-json\/wp\/v2\/pages\/24569\/revisions"}],"predecessor-version":[{"id":34130,"href":"https:\/\/ligna-aviation.com\/fr\/wp-json\/wp\/v2\/pages\/24569\/revisions\/34130"}],"wp:attachment":[{"href":"https:\/\/ligna-aviation.com\/fr\/wp-json\/wp\/v2\/media?parent=24569"}],"curies":[{"name":"wp","href":"https:\/\/api.w.org\/{rel}","templated":true}]}}