{"id":25428,"date":"2024-10-10T14:48:51","date_gmt":"2024-10-10T12:48:51","guid":{"rendered":"https:\/\/ligna.cloth.be\/?page_id=25428"},"modified":"2025-04-07T12:48:46","modified_gmt":"2025-04-07T10:48:46","slug":"telechargements","status":"publish","type":"page","link":"https:\/\/ligna-aviation.com\/fr\/telechargements\/","title":{"rendered":"T\u00e9l\u00e9chargements"},"content":{"rendered":"\n\n<div class=\"cloth-spacer-xlarge\"><\/div>\n\n\n\n<div class=\"cloth-spacer-xlarge\"><\/div>\n\n    <section class=\"block-download\">\n\t\t\t\t\t\t\t\t                <h4>LIGNA Aviation<\/h4>\n\t\t\t\t\t\t                <ul class=\"download-list\">\n\t\t\t\t\t\t\t\t\t\t\t\t\t\t\t\t\t                            <li class=\"download-item\">\n                            <span class=\"cloth-button\">\n                                <a class=\"btn btn-default btn-colored\" target=\"_blank\" href=\"https:\/\/ligna-aviation.com\/wp-content\/uploads\/2025\/04\/LIGNA-aviation_EN_2025_DiscHubtor.pdf\">\n                                    <span class=\"btn-icon\">\n                                        <svg class=\"arrow\" version=\"1.1\" fill=\"currentColor\" xmlns=\"http:\/\/www.w3.org\/2000\/svg\" xmlns:xlink=\"http:\/\/www.w3.org\/1999\/xlink\" x=\"0px\" y=\"0px\" viewBox=\"0 0 24 24\"\n                                             style=\"enable-background:new 0 0 24 24;\" xml:space=\"preserve\">\n                                            <path d=\"M0.5,13.4h18.4L11,21.2l2,2L23.1,13c0.3-0.3,0.4-0.6,0.4-1c0-0.4-0.1-0.7-0.4-1L13,0.8l-2,2l7.8,7.8H0.5\"><\/path>\n                                        <\/svg>\n                                    <\/span>\n                                    <span class=\"text\">\n                                        <span>Brochure LIGNA Aviation [EN] ( pdf &#8211; 7 M )<\/span>\n                                        <span>Brochure LIGNA Aviation [EN] ( pdf &#8211; 7 M )<\/span>\n                                    <\/span>\n                                    <span class=\"slanting-side slanting-add\"><\/span>\n                                 <\/a>\n                            <\/span>\n\t\t\t\t\t\t                        <\/li>\n\t\t\t\t\t\t\t\t\t\t\t\t\t\t\t\t\t                            <li class=\"download-item\">\n                            <span class=\"cloth-button\">\n                                <a class=\"btn btn-default btn-colored\" target=\"_blank\" href=\"https:\/\/ligna-aviation.com\/wp-content\/uploads\/2025\/04\/LIGNA-aviation_2025_Messeflyer_DE-EN_Final_LR.pdf\">\n                                    <span class=\"btn-icon\">\n                                        <svg class=\"arrow\" version=\"1.1\" fill=\"currentColor\" xmlns=\"http:\/\/www.w3.org\/2000\/svg\" xmlns:xlink=\"http:\/\/www.w3.org\/1999\/xlink\" x=\"0px\" y=\"0px\" viewBox=\"0 0 24 24\"\n                                             style=\"enable-background:new 0 0 24 24;\" xml:space=\"preserve\">\n                                            <path d=\"M0.5,13.4h18.4L11,21.2l2,2L23.1,13c0.3-0.3,0.4-0.6,0.4-1c0-0.4-0.1-0.7-0.4-1L13,0.8l-2,2l7.8,7.8H0.5\"><\/path>\n                                        <\/svg>\n                                    <\/span>\n                                    <span class=\"text\">\n                                        <span>Flyer LIGNA Aviation [DE-EN] ( pdf &#8211; 2 M )<\/span>\n                                        <span>Flyer LIGNA Aviation [DE-EN] ( pdf &#8211; 2 M )<\/span>\n                                    <\/span>\n                                    <span class=\"slanting-side slanting-add\"><\/span>\n                                 <\/a>\n                            <\/span>\n\t\t\t\t\t\t                        <\/li>\n\t\t\t\t\t                <\/ul>\n\t\t\t\t\t    <\/section>\n\n\n\n\n<div class=\"cloth-spacer-xlarge\"><\/div>\n\n\n\n<div class=\"cloth-spacer-xlarge\"><\/div>\n\n\n\n<section  class=\"section section-in-section \">\n    <div class=\"wrapper\">\n\t\t\n        <div class=\"section section-background text-light margin-none section-background-image\">\n            <div class=\"section-inner\">\n                \n\n<div id=\"\" class=\"section section-row  margin-large\">\n\t<div class=\"wrapper-small\">\n\t\t<div class=\"grid-row spaced-medium default grid-align-top\">\n\t\t\n<div class=\"text-dark col-12\">\n\t\t    \n<span class=\"font-weight-600 h8 uppercase cloth-subtitle colored\">Nous sommes \u00e0 votre disposition<\/span>\n\n\n<h3 class=\"wp-block-heading\"><strong>Des questions ? Nous sommes \u00e0 votre \u00e9coute!<\/strong><\/h3>\n\n\n\n<p class=\"intro\">Vous avez des plans, des id\u00e9es, des concepts concrets ou encore des questions pour votre projet ?<br \/>Ensemble, transformons vos visions en r\u00e9alit\u00e9 et planifions les prochaines \u00e9tapes. Notre \u00e9quipe se r\u00e9jouit de faire votre connaissance !<\/p>\n\n\n\n<p class=\"intro\"><\/p>\n\n\n\n\n<div class=\"cloth-spacer-large\"><\/div>\n\n\n\n\n<span class=\"cloth-button\">\n\n\n<a class=\"btn btn-default btn-colored \" href=\"https:\/\/ligna-aviation.com\/fr\/contact\/\" target=\"_blank\">\n                <span class=\"text\">\n                    <span>Contactez-nous<\/span>\n                    <span>Contactez-nous<\/span>\n                <\/span>\n                <span class=\"btn-icon\"><svg class=\"arrow\" version=\"1.1\" fill=\"currentColor\" xmlns=\"http:\/\/www.w3.org\/2000\/svg\" xmlns:xlink=\"http:\/\/www.w3.org\/1999\/xlink\" x=\"0px\" y=\"0px\"\n\t viewBox=\"0 0 24 24\" style=\"enable-background:new 0 0 24 24;\" xml:space=\"preserve\">\n<path d=\"M0.5,13.4h18.4L11,21.2l2,2L23.1,13c0.3-0.3,0.4-0.6,0.4-1c0-0.4-0.1-0.7-0.4-1L13,0.8l-2,2l7.8,7.8H0.5\"><\/path>\n<\/svg>\n<\/span>\n                <span class=\"slanting-side slanting-add\"><\/span>\n            <\/a>\n<\/span>\n\n\n\t\t\n\t\n<\/div>\n\n\n\t\t<\/div>\n\t<\/div>\n\n\t\n\t\n\t<!--<div class=\"slanting-side slanting-del\"><\/div>-->\n<\/div>\n\n\n\n            <\/div>\n\t\t\t\n\t\t\t\n\t\n    <div class=\"section-bg\">\n\t\t<div class=\"section-bg-el imagebg-section\" style=\"background:url(https:\/\/ligna-aviation.com\/wp-content\/uploads\/2022\/10\/li-bg_neu.jpg) center center;background-size:cover;\" data-parallax-speed=\"-0.07\"><\/div>\n\t\t\n\t\t\n\t<\/div>\n    \n            <div class=\"slanting-side slanting-del\"><\/div>\n            <div class=\"slanting-side slanting-del slanting-top\"><\/div>\n        <\/div>\n\t\t\n\t\t    <\/div>\n<\/section>\n\n\n\n\n","protected":false},"excerpt":{"rendered":"","protected":false},"author":15,"featured_media":0,"parent":0,"menu_order":0,"comment_status":"closed","ping_status":"closed","template":"","meta":{"_acf_changed":false,"footnotes":""},"class_list":["post-25428","page","type-page","status-publish","hentry"],"acf":[],"_links":{"self":[{"href":"https:\/\/ligna-aviation.com\/fr\/wp-json\/wp\/v2\/pages\/25428","targetHints":{"allow":["GET"]}}],"collection":[{"href":"https:\/\/ligna-aviation.com\/fr\/wp-json\/wp\/v2\/pages"}],"about":[{"href":"https:\/\/ligna-aviation.com\/fr\/wp-json\/wp\/v2\/types\/page"}],"author":[{"embeddable":true,"href":"https:\/\/ligna-aviation.com\/fr\/wp-json\/wp\/v2\/users\/15"}],"replies":[{"embeddable":true,"href":"https:\/\/ligna-aviation.com\/fr\/wp-json\/wp\/v2\/comments?post=25428"}],"version-history":[{"count":6,"href":"https:\/\/ligna-aviation.com\/fr\/wp-json\/wp\/v2\/pages\/25428\/revisions"}],"predecessor-version":[{"id":34217,"href":"https:\/\/ligna-aviation.com\/fr\/wp-json\/wp\/v2\/pages\/25428\/revisions\/34217"}],"wp:attachment":[{"href":"https:\/\/ligna-aviation.com\/fr\/wp-json\/wp\/v2\/media?parent=25428"}],"curies":[{"name":"wp","href":"https:\/\/api.w.org\/{rel}","templated":true}]}}